{"id":503,"date":"2025-10-03T16:12:12","date_gmt":"2025-10-03T16:12:10","guid":{"rendered":"https:\/\/df-audit-s-p-a.eu.moore-global.com\/network-2\/"},"modified":"2025-11-10T16:06:27","modified_gmt":"2025-11-10T16:06:27","slug":"lavora-con-noi","status":"publish","type":"page","link":"https:\/\/www.dfaudit.com\/de\/lavora-con-noi\/","title":{"rendered":"Stellenangebote"},"content":{"rendered":"<style id=\"strategiq-hero-style\">@media (min-width: 992px){.block-hero{margin-left:83px}}.block-hero .position-relative:has(.hero__svg){overflow:hidden}.block-hero .hero__svg{z-index:1;-webkit-transform:translateX(100%);transform:translateX(100%);opacity:0;-webkit-animation:heroSvgFadeIn 1s ease-out forwards;animation:heroSvgFadeIn 1s ease-out forwards;-webkit-animation-delay:0.3s;animation-delay:0.3s}.block-hero .hero__svg-left{position:absolute;left:0;top:0;height:100%;-webkit-transform:translateX(100%);transform:translateX(100%);opacity:0;-webkit-animation:heroSvgFadeInReverse 2s cubic-bezier(0.25, 0.1, 0.05, 1) forwards;animation:heroSvgFadeInReverse 2s cubic-bezier(0.25, 0.1, 0.05, 1) forwards;-webkit-animation-delay:0.3s;animation-delay:0.3s}.block-hero .hero__svg-right{position:absolute;right:0;top:0;height:100%;-webkit-transform:translateX(-100%);transform:translateX(-100%);opacity:0;-webkit-animation:heroSvgFadeIn 2s cubic-bezier(0.25, 0.1, 0.05, 1) forwards;animation:heroSvgFadeIn 2s cubic-bezier(0.25, 0.1, 0.05, 1) forwards;-webkit-animation-delay:1s;animation-delay:1s}@-webkit-keyframes heroSvgFadeIn{0%{opacity:0;-webkit-transform:translateX(100%);transform:translateX(100%)}100%{opacity:1;-webkit-transform:translateX(0);transform:translateX(0)}}@keyframes heroSvgFadeIn{0%{opacity:0;-webkit-transform:translateX(100%);transform:translateX(100%)}100%{opacity:1;-webkit-transform:translateX(0);transform:translateX(0)}}@-webkit-keyframes heroSvgFadeInReverse{0%{opacity:0;-webkit-transform:translateX(-100%);transform:translateX(-100%)}100%{opacity:1;-webkit-transform:translateX(0);transform:translateX(0)}}@keyframes heroSvgFadeInReverse{0%{opacity:0;-webkit-transform:translateX(-100%);transform:translateX(-100%)}100%{opacity:1;-webkit-transform:translateX(0);transform:translateX(0)}}.block-hero--large{margin-left:0}.block-hero--large .hero{background:transparent}.block-hero--large.has-secondary-background-color .hero__content-wrapper{background-color:#5C0696}.block-hero--large.has-primary-background-color .hero__content-wrapper{background-color:#02212E}.block-hero--large.has-prussian-blue-background-color{background-color:transparent !important}.block-hero--large.has-prussian-blue-background-color .hero__content-wrapper{background:#004C6C}.block-hero--large.has-primary-gradient-gradient-background{background:transparent !important}.block-hero--large.has-primary-gradient-gradient-background .hero__content-wrapper{background:var(--primary-gradient)}.block-hero--large.has-secondary-gradient-gradient-background{background:transparent !important}.block-hero--large.has-secondary-gradient-gradient-background .hero__content-wrapper{background:var(--secondary-gradient)}.block-hero--large.has-tertiary-gradient-gradient-background{background:transparent !important}.block-hero--large.has-tertiary-gradient-gradient-background .hero__content-wrapper{background:var(--tertiary-gradient)}@media (min-width: 992px){.block-hero--heading-above-image{border-left:1px solid #D9D9D9;margin-right:83px}}.block-hero--heading-above-image .hero{min-height:410px}@media (min-width: 768px){.block-hero--heading-above-image .hero{min-height:570px}}.block-hero--heading-above-image .hero--call-to-action{-webkit-box-pack:end;-ms-flex-pack:end;justify-content:flex-end}@media (min-width: 992px){.block-hero--heading-above-image .hero--call-to-action{padding-right:0}}.block-hero.has-secondary-background-color{background-color:transparent !important}.block-hero.has-secondary-background-color .hero{background:#5C0696}.block-hero.has-white-background-color .hero{background:#fff}.block-hero.has-white-background-color .hero__title,.block-hero.has-white-background-color .hero__content p{color:#000}.block-hero.has-light-blue-background-color .hero{background:#eaf7fe}.block-hero.has-light-blue-background-color .hero__title,.block-hero.has-light-blue-background-color .hero__content p{color:#000}.block-hero.has-primary-background-color .hero{background:#02212E}.block-hero.has-prussian-blue-background-color{background-color:transparent !important}.block-hero.has-prussian-blue-background-color .hero{background:#004C6C}.block-hero.has-primary-gradient-gradient-background{background:transparent !important}.block-hero.has-primary-gradient-gradient-background .hero{background:var(--primary-gradient)}.block-hero.has-secondary-gradient-gradient-background{background:transparent !important}.block-hero.has-secondary-gradient-gradient-background .hero{background:var(--secondary-gradient)}.block-hero.has-tertiary-gradient-gradient-background{background:transparent !important}.block-hero.has-tertiary-gradient-gradient-background .hero{background:var(--tertiary-gradient)}\n\n\/*# sourceMappingURL=block-hero.css.map *\/\n<\/style>\n<section class=\"wp-block-strategiq block-hero block-hero block-hero--default wp-block-strategiq-hero\">\n\t\n\n<div class=\"hero hero--default\">\n\t\n\t<div class=\"container-fluid\">\n\t\t<div class=\"row\">\n\t\t\t<div class=\"col-12  p-0\">\n\t\t\t\t\t\t\t\t\t\t\t\t\t\t\t\n\t\t\t\t\t\t\t\t\t\t\t\t\t\t\t<img decoding=\"async\" class=\"hero__svg-left\" src=\"https:\/\/www.dfaudit.com\/wp-content\/themes\/moore-global\/assets\/images\/hero-default-left.svg\" alt=\"Hero Image\">\n\n\t\t\t\t\t\t\t\t<img decoding=\"async\" class=\"hero__svg-right\" src=\"https:\/\/www.dfaudit.com\/wp-content\/themes\/moore-global\/assets\/images\/hero-default-right.svg\" alt=\"Hero Image\">\n\t\t\t\t\t\t\t\n\t\t\t\t\t\t\t\t\t\t\t\t\t\t\t\n\t\t\t\t\n\t\t\t\t\t\t\t\t\t<div class=\"hero__content-wrapper\">\n\t\t\t\t\t\t<div class=\"hero__content\">\n\t\t\t\t\t\t\t<h1 class='hero__title'>Stellenangebote<\/h1>\t\t\t\t\t\t\t\t\t\t\t\t\t\t\t\t\t\t\t\t<\/div>\n\t\t\t\t\t<\/div>\n\t\t\t\t\n\t\t\t<\/div>\n\n\t\t\t\t\t<\/div>\n\t<\/div>\n\n\t<\/div>\n<\/section>\n\n\n\n<section class=\"wp-block-strategiq block-hero block-hero block-hero--heading-above-image wp-block-strategiq-hero\">\n\t\n\t<div class=\"hero__heading-above-image\">\n\t\t<div class=\"row align-items-start\">\n\t\t\t<div class=\"col-12 col-lg-5 offset-lg-1\">\n\t\t\t\t<h3 class='hero__heading-above-image-title'>Schreiben von Lebensl\u00e4ufen<\/h3>\t\t\t<\/div>\n\t\t\t<div class=\"col-12 col-lg-5 offset-lg-1\">\n\t\t\t\t<div class=\"hero__heading-above-image-content\">\n\t\t\t\t\t<p>DF Audit bietet Absolventen eines Volkswirtschaftsstudiums mit einem Master-Abschluss ein Praktikum an, um junge Menschen zu rekrutieren, die in die Welt der Abschlusspr\u00fcfung und Rechnungslegung einsteigen wollen.<\/p>\n\t\t\t\t<\/div>\n\t\t\t<\/div>\n\t\t<\/div>\n\t<\/div>\n\n<div class=\"hero hero--call-to-action\">\n\t\n\t<div class=\"container-fluid\">\n\t\t<div class=\"row\">\n\t\t\t<div class=\"col-12  p-0\">\n\t\t\t\t\t\t\t\t\t<picture class=\"hero__image behave-as-bg--cover behave-as-bg--center-center behave-as-bg\"><source media=\"(min-width: 1200px)\" srcset=\"https:\/\/www.dfaudit.com\/wp-content\/uploads\/sites\/16\/bis-images\/509\/lavora-con-noi-scaled-1920x900-f50_50.jpg 1.000x,https:\/\/www.dfaudit.com\/wp-content\/uploads\/sites\/16\/bis-images\/509\/lavora-con-noi-scaled-2560x1200-f50_50.jpg 1.333x\"><source media=\"(min-width: 992px)\" srcset=\"https:\/\/www.dfaudit.com\/wp-content\/uploads\/sites\/16\/bis-images\/509\/lavora-con-noi-scaled-1600x900.jpg 1.000x,https:\/\/www.dfaudit.com\/wp-content\/uploads\/sites\/16\/bis-images\/509\/lavora-con-noi-scaled-3200x1800.jpg 2.000x\"><source media=\"(min-width: 0px)\" srcset=\"https:\/\/www.dfaudit.com\/wp-content\/uploads\/sites\/16\/bis-images\/509\/lavora-con-noi-scaled-800x800.jpg 1.000x,https:\/\/www.dfaudit.com\/wp-content\/uploads\/sites\/16\/bis-images\/509\/lavora-con-noi-scaled-1600x1600.jpg 2.000x\"><img loading=\"lazy\" decoding=\"async\" src=\"https:\/\/www.dfaudit.com\/wp-content\/uploads\/sites\/16\/bis-images\/509\/lavora-con-noi-scaled-800x800.jpg\" srcset=\"https:\/\/www.dfaudit.com\/wp-content\/uploads\/sites\/16\/bis-images\/509\/lavora-con-noi-scaled-800x800.jpg 1.000x,https:\/\/www.dfaudit.com\/wp-content\/uploads\/sites\/16\/bis-images\/509\/lavora-con-noi-scaled-1600x1600.jpg 2.000x\" alt=\"Stellenangebote\" width=\"800\" height=\"800\" class=\"\"><\/picture>\t\t\t\t\n\t\t\t\t\n\t\t\t\t\n\t\t\t<\/div>\n\n\t\t\t\t\t<\/div>\n\t<\/div>\n\n\t\t\t<div class=\"hero__call-to-action\">\n\t\t\t\t\t\t\t\t<a href=\"mailto:info@dfaudit.com\" class=\"btn btn--secondary btn--hollow\" target=\"\">\n\t\t\t\t\t\tLebenslauf senden\t\t\t\t\t<\/a>\n\t\t\t\t\t\t\t\t\t<\/div>\n\t<\/div>\n<\/section>\n\n\n<style id=\"strategiq-two-column-style\">.block-two-column{padding:40px 0 20px}.single-firm .block-two-column{padding-bottom:1.875rem}@media (min-width: 768px){.block-two-column{padding:0}}@media (min-width: 768px){.block-two-column .content-offset-right{padding-right:0}}@media (min-width: 992px){.block-two-column .content-offset-right{padding-right:calc(8.33333% + 24px)}}.block-two-column img{width:100%}.block-two-column__content{color:var(--text-color)}.block-two-column__content p:last-of-type{margin-bottom:0}.block-two-column__list-content{margin-bottom:2.5rem}.block-two-column__list-heading{margin-bottom:8px;font-size:20px;font-weight:500}.block-two-column__list li p:last-of-type{margin-bottom:0}.block-two-column__list ul:first-of-type,.block-two-column__list ol:first-of-type{margin-top:0}.block-two-column__list ul:first-of-type li:first-of-type,.block-two-column__list ol:first-of-type li:first-of-type{margin-top:0}.block-two-column__list>p+ul:first-of-type,.block-two-column__list>p+ol:first-of-type{margin-top:1rem}.block-two-column__list>p+ul:first-of-type li:first-of-type,.block-two-column__list>p+ol:first-of-type li:first-of-type{margin-top:24px}.block-two-column__content.position-sticky,.block-two-column__list.position-sticky,.block-two-column__image-container.position-sticky{top:calc(var(--site-header-height) + 1rem)}.block-two-column__content,.block-two-column__image,.block-two-column__list{padding:12px 0}@media (min-width: 768px){.block-two-column__content,.block-two-column__image,.block-two-column__list{padding:2.5rem 1rem}}@media (min-width: 992px){.block-two-column__content,.block-two-column__image,.block-two-column__list{padding:5rem 0 3.75rem 0}}\n\n\/*# sourceMappingURL=block-two-column.css.map *\/\n<\/style>\n<section class=\"wp-block-strategiq block-two-column wp-block-strategiq-two-column\" id=\"network-internazionale\">\n\t<div class=\"container\">\n\t\t\t\t<div class=\"row align-items-\">\n\t\t\t\t\t\t\t<div class=\"col-12 col-md-6 col-lg-5 offset-lg-1\">\n\t\t\t\t\t\t\t\t\t\t\t<div class=\"block-two-column__content content-container\">\n\t\t\t\t\t\t\t\t\t\t\t\t\t\t\t<p>Die Lebensl\u00e4ufe von Absolventen mit einem Bachelor oder Master of Science in Wirtschaftswissenschaften k\u00f6nnen ber\u00fccksichtigt werden, wenn sie f\u00fcr einen oder mehrere Aspekte ausgezeichnet sind (Qualifikationen, Erfahrungen, Sprache und andere F\u00e4higkeiten), die wir als Indikatoren f\u00fcr das Potenzial des Bewerbers im Verh\u00e4ltnis zu den von DF Audit angestrebten Werten f\u00fcr relevant halten.<\/p>\n<p>Gute Englischkenntnisse, Vertrautheit mit dem Office-Paket von Microsoft, F\u00fchrerschein und die Bereitschaft, mit eigenen Mitteln zum Kunden zu reisen, sind Voraussetzung.<\/p>\n<p>Wenn Sie interessiert sind, senden Sie Ihren Lebenslauf an\u00a0<a href=\"mailto:info@dfaudit.com\">info@dfaudit.com<\/a><\/p>\n\t\t\t\t\t\t\t\t\t\t\t\t\t<\/div>\n\t\t\t\t\t\t\t\t\t<\/div>\n\t\t\t\t\t\t\t<div class=\"col-12 col-md-6\">\n\t\t\t\t\t\t\t\t\t\t\t<div class=\"block-two-column__image-container\">\n\t\t\t\t\t\t\t<picture class=\"block-two-column__image\"><source media=\"(min-width: 0px)\" loading=\"lazy\" srcset=\"https:\/\/www.dfaudit.com\/wp-content\/uploads\/sites\/16\/bis-images\/513\/JOB-INTERVIEW-590x395-f50_50.jpg 1.000x,https:\/\/www.dfaudit.com\/wp-content\/uploads\/sites\/16\/bis-images\/513\/JOB-INTERVIEW-960x642-f50_50.jpg 1.627x\"><img decoding=\"async\" loading=\"lazy\" src=\"https:\/\/www.dfaudit.com\/wp-content\/uploads\/sites\/16\/bis-images\/513\/JOB-INTERVIEW-590x395-f50_50.jpg\" srcset=\"https:\/\/www.dfaudit.com\/wp-content\/uploads\/sites\/16\/bis-images\/513\/JOB-INTERVIEW-590x395-f50_50.jpg 1.000x,https:\/\/www.dfaudit.com\/wp-content\/uploads\/sites\/16\/bis-images\/513\/JOB-INTERVIEW-960x642-f50_50.jpg 1.627x\" alt=\"Stellenangebote\" width=\"590\" height=\"395\" class=\"\"><\/picture>\t\t\t\t\t\t<\/div>\n\t\t\t\t\t\t\t\t\t<\/div>\n\t\t\t\t\t<\/div>\n\t<\/div>\n<\/section>","protected":false},"excerpt":{"rendered":"","protected":false},"author":6,"featured_media":0,"parent":0,"menu_order":8,"comment_status":"closed","ping_status":"closed","template":"","meta":{"_acf_changed":true,"footnotes":""},"class_list":["post-503","page","type-page","status-publish","hentry"],"acf":[],"yoast_head":"<!-- This site is optimized with the Yoast SEO plugin v27.2 - https:\/\/yoast.com\/product\/yoast-seo-wordpress\/ -->\n<title>Lavora con noi - DF Audit S.p.A.<\/title>\n<meta name=\"robots\" content=\"index, follow, max-snippet:-1, max-image-preview:large, max-video-preview:-1\" \/>\n<link rel=\"canonical\" href=\"https:\/\/www.dfaudit.com\/de\/lavora-con-noi\/\" \/>\n<meta property=\"og:locale\" content=\"de_DE\" \/>\n<meta property=\"og:type\" content=\"article\" \/>\n<meta property=\"og:title\" content=\"Lavora con noi - DF Audit S.p.A.\" \/>\n<meta property=\"og:url\" content=\"https:\/\/www.dfaudit.com\/de\/lavora-con-noi\/\" \/>\n<meta property=\"og:site_name\" content=\"DF Audit S.p.A.\" \/>\n<meta property=\"article:modified_time\" content=\"2025-11-10T16:06:27+00:00\" \/>\n<meta name=\"twitter:card\" content=\"summary_large_image\" \/>\n<script type=\"application\/ld+json\" class=\"yoast-schema-graph\">{\"@context\":\"https:\/\/schema.org\",\"@graph\":[{\"@type\":\"WebPage\",\"@id\":\"https:\/\/www.dfaudit.com\/lavora-con-noi\/\",\"url\":\"https:\/\/www.dfaudit.com\/lavora-con-noi\/\",\"name\":\"Lavora con noi - DF Audit S.p.A.\",\"isPartOf\":{\"@id\":\"https:\/\/www.dfaudit.com\/#website\"},\"datePublished\":\"2025-10-03T16:12:10+00:00\",\"dateModified\":\"2025-11-10T16:06:27+00:00\",\"breadcrumb\":{\"@id\":\"https:\/\/www.dfaudit.com\/lavora-con-noi\/#breadcrumb\"},\"inLanguage\":\"de\",\"potentialAction\":[{\"@type\":\"ReadAction\",\"target\":[\"https:\/\/www.dfaudit.com\/lavora-con-noi\/\"]}]},{\"@type\":\"BreadcrumbList\",\"@id\":\"https:\/\/www.dfaudit.com\/lavora-con-noi\/#breadcrumb\",\"itemListElement\":[{\"@type\":\"ListItem\",\"position\":1,\"name\":\"Home\",\"item\":\"https:\/\/www.dfaudit.com\/\"},{\"@type\":\"ListItem\",\"position\":2,\"name\":\"Lavora con noi\"}]},{\"@type\":\"WebSite\",\"@id\":\"https:\/\/www.dfaudit.com\/#website\",\"url\":\"https:\/\/www.dfaudit.com\/\",\"name\":\"DF Audit S.p.A.\",\"description\":\"This is the base site for Moore Global\",\"potentialAction\":[{\"@type\":\"SearchAction\",\"target\":{\"@type\":\"EntryPoint\",\"urlTemplate\":\"https:\/\/www.dfaudit.com\/?s={search_term_string}\"},\"query-input\":{\"@type\":\"PropertyValueSpecification\",\"valueRequired\":true,\"valueName\":\"search_term_string\"}}],\"inLanguage\":\"de\"}]}<\/script>\n<!-- \/ Yoast SEO plugin. -->","yoast_head_json":{"title":"Lavora con noi - DF Audit S.p.A.","robots":{"index":"index","follow":"follow","max-snippet":"max-snippet:-1","max-image-preview":"max-image-preview:large","max-video-preview":"max-video-preview:-1"},"canonical":"https:\/\/www.dfaudit.com\/de\/lavora-con-noi\/","og_locale":"de_DE","og_type":"article","og_title":"Lavora con noi - DF Audit S.p.A.","og_url":"https:\/\/www.dfaudit.com\/de\/lavora-con-noi\/","og_site_name":"DF Audit S.p.A.","article_modified_time":"2025-11-10T16:06:27+00:00","twitter_card":"summary_large_image","schema":{"@context":"https:\/\/schema.org","@graph":[{"@type":"WebPage","@id":"https:\/\/www.dfaudit.com\/lavora-con-noi\/","url":"https:\/\/www.dfaudit.com\/lavora-con-noi\/","name":"Lavora con noi - DF Audit S.p.A.","isPartOf":{"@id":"https:\/\/www.dfaudit.com\/#website"},"datePublished":"2025-10-03T16:12:10+00:00","dateModified":"2025-11-10T16:06:27+00:00","breadcrumb":{"@id":"https:\/\/www.dfaudit.com\/lavora-con-noi\/#breadcrumb"},"inLanguage":"de","potentialAction":[{"@type":"ReadAction","target":["https:\/\/www.dfaudit.com\/lavora-con-noi\/"]}]},{"@type":"BreadcrumbList","@id":"https:\/\/www.dfaudit.com\/lavora-con-noi\/#breadcrumb","itemListElement":[{"@type":"ListItem","position":1,"name":"Home","item":"https:\/\/www.dfaudit.com\/"},{"@type":"ListItem","position":2,"name":"Lavora con noi"}]},{"@type":"WebSite","@id":"https:\/\/www.dfaudit.com\/#website","url":"https:\/\/www.dfaudit.com\/","name":"DF Audit S.p.A.","description":"This is the base site for Moore Global","potentialAction":[{"@type":"SearchAction","target":{"@type":"EntryPoint","urlTemplate":"https:\/\/www.dfaudit.com\/?s={search_term_string}"},"query-input":{"@type":"PropertyValueSpecification","valueRequired":true,"valueName":"search_term_string"}}],"inLanguage":"de"}]}},"_links":{"self":[{"href":"https:\/\/www.dfaudit.com\/de\/wp-json\/wp\/v2\/pages\/503","targetHints":{"allow":["GET"]}}],"collection":[{"href":"https:\/\/www.dfaudit.com\/de\/wp-json\/wp\/v2\/pages"}],"about":[{"href":"https:\/\/www.dfaudit.com\/de\/wp-json\/wp\/v2\/types\/page"}],"author":[{"embeddable":true,"href":"https:\/\/www.dfaudit.com\/de\/wp-json\/wp\/v2\/users\/6"}],"replies":[{"embeddable":true,"href":"https:\/\/www.dfaudit.com\/de\/wp-json\/wp\/v2\/comments?post=503"}],"version-history":[{"count":0,"href":"https:\/\/www.dfaudit.com\/de\/wp-json\/wp\/v2\/pages\/503\/revisions"}],"wp:attachment":[{"href":"https:\/\/www.dfaudit.com\/de\/wp-json\/wp\/v2\/media?parent=503"}],"curies":[{"name":"wp","href":"https:\/\/api.w.org\/{rel}","templated":true}]}}