{"id":458,"date":"2025-10-03T10:31:52","date_gmt":"2025-10-03T10:31:50","guid":{"rendered":"https:\/\/df-audit-s-p-a.eu.moore-global.com\/servizi-2\/"},"modified":"2025-12-18T16:17:57","modified_gmt":"2025-12-18T16:17:57","slug":"network","status":"publish","type":"page","link":"https:\/\/www.dfaudit.com\/de\/network\/","title":{"rendered":"Netzwerk"},"content":{"rendered":"<style id=\"strategiq-hero-style\">@media (min-width: 992px){.block-hero{margin-left:83px}}.block-hero .position-relative:has(.hero__svg){overflow:hidden}.block-hero .hero__svg{z-index:1;-webkit-transform:translateX(100%);transform:translateX(100%);opacity:0;-webkit-animation:heroSvgFadeIn 1s ease-out forwards;animation:heroSvgFadeIn 1s ease-out forwards;-webkit-animation-delay:0.3s;animation-delay:0.3s}.block-hero .hero__svg-left{position:absolute;left:0;top:0;height:100%;-webkit-transform:translateX(100%);transform:translateX(100%);opacity:0;-webkit-animation:heroSvgFadeInReverse 2s cubic-bezier(0.25, 0.1, 0.05, 1) forwards;animation:heroSvgFadeInReverse 2s cubic-bezier(0.25, 0.1, 0.05, 1) forwards;-webkit-animation-delay:0.3s;animation-delay:0.3s}.block-hero .hero__svg-right{position:absolute;right:0;top:0;height:100%;-webkit-transform:translateX(-100%);transform:translateX(-100%);opacity:0;-webkit-animation:heroSvgFadeIn 2s cubic-bezier(0.25, 0.1, 0.05, 1) forwards;animation:heroSvgFadeIn 2s cubic-bezier(0.25, 0.1, 0.05, 1) forwards;-webkit-animation-delay:1s;animation-delay:1s}@-webkit-keyframes heroSvgFadeIn{0%{opacity:0;-webkit-transform:translateX(100%);transform:translateX(100%)}100%{opacity:1;-webkit-transform:translateX(0);transform:translateX(0)}}@keyframes heroSvgFadeIn{0%{opacity:0;-webkit-transform:translateX(100%);transform:translateX(100%)}100%{opacity:1;-webkit-transform:translateX(0);transform:translateX(0)}}@-webkit-keyframes heroSvgFadeInReverse{0%{opacity:0;-webkit-transform:translateX(-100%);transform:translateX(-100%)}100%{opacity:1;-webkit-transform:translateX(0);transform:translateX(0)}}@keyframes heroSvgFadeInReverse{0%{opacity:0;-webkit-transform:translateX(-100%);transform:translateX(-100%)}100%{opacity:1;-webkit-transform:translateX(0);transform:translateX(0)}}.block-hero--large{margin-left:0}.block-hero--large .hero{background:transparent}.block-hero--large.has-secondary-background-color .hero__content-wrapper{background-color:#5C0696}.block-hero--large.has-primary-background-color .hero__content-wrapper{background-color:#02212E}.block-hero--large.has-prussian-blue-background-color{background-color:transparent !important}.block-hero--large.has-prussian-blue-background-color .hero__content-wrapper{background:#004C6C}.block-hero--large.has-primary-gradient-gradient-background{background:transparent !important}.block-hero--large.has-primary-gradient-gradient-background .hero__content-wrapper{background:var(--primary-gradient)}.block-hero--large.has-secondary-gradient-gradient-background{background:transparent !important}.block-hero--large.has-secondary-gradient-gradient-background .hero__content-wrapper{background:var(--secondary-gradient)}.block-hero--large.has-tertiary-gradient-gradient-background{background:transparent !important}.block-hero--large.has-tertiary-gradient-gradient-background .hero__content-wrapper{background:var(--tertiary-gradient)}@media (min-width: 992px){.block-hero--heading-above-image{border-left:1px solid #D9D9D9;margin-right:83px}}.block-hero--heading-above-image .hero{min-height:410px}@media (min-width: 768px){.block-hero--heading-above-image .hero{min-height:570px}}.block-hero--heading-above-image .hero--call-to-action{-webkit-box-pack:end;-ms-flex-pack:end;justify-content:flex-end}@media (min-width: 992px){.block-hero--heading-above-image .hero--call-to-action{padding-right:0}}.block-hero.has-secondary-background-color{background-color:transparent !important}.block-hero.has-secondary-background-color .hero{background:#5C0696}.block-hero.has-white-background-color .hero{background:#fff}.block-hero.has-white-background-color .hero__title,.block-hero.has-white-background-color .hero__content p{color:#000}.block-hero.has-light-blue-background-color .hero{background:#eaf7fe}.block-hero.has-light-blue-background-color .hero__title,.block-hero.has-light-blue-background-color .hero__content p{color:#000}.block-hero.has-primary-background-color .hero{background:#02212E}.block-hero.has-prussian-blue-background-color{background-color:transparent !important}.block-hero.has-prussian-blue-background-color .hero{background:#004C6C}.block-hero.has-primary-gradient-gradient-background{background:transparent !important}.block-hero.has-primary-gradient-gradient-background .hero{background:var(--primary-gradient)}.block-hero.has-secondary-gradient-gradient-background{background:transparent !important}.block-hero.has-secondary-gradient-gradient-background .hero{background:var(--secondary-gradient)}.block-hero.has-tertiary-gradient-gradient-background{background:transparent !important}.block-hero.has-tertiary-gradient-gradient-background .hero{background:var(--tertiary-gradient)}\n\n\/*# sourceMappingURL=block-hero.css.map *\/\n<\/style>\n<section class=\"wp-block-strategiq block-hero block-hero block-hero--default wp-block-strategiq-hero\">\n\t\n\n<div class=\"hero hero--default\">\n\t\n\t<div class=\"container-fluid\">\n\t\t<div class=\"row\">\n\t\t\t<div class=\"col-12  p-0\">\n\t\t\t\t\t\t\t\t\t\t\t\t\t\t\t\n\t\t\t\t\t\t\t\t\t\t\t\t\t\t\t<img decoding=\"async\" class=\"hero__svg-left\" src=\"https:\/\/www.dfaudit.com\/wp-content\/themes\/moore-global\/assets\/images\/hero-default-left.svg\" alt=\"Hero Image\">\n\n\t\t\t\t\t\t\t\t<img decoding=\"async\" class=\"hero__svg-right\" src=\"https:\/\/www.dfaudit.com\/wp-content\/themes\/moore-global\/assets\/images\/hero-default-right.svg\" alt=\"Hero Image\">\n\t\t\t\t\t\t\t\n\t\t\t\t\t\t\t\t\t\t\t\t\t\t\t\n\t\t\t\t\n\t\t\t\t\t\t\t\t\t<div class=\"hero__content-wrapper\">\n\t\t\t\t\t\t<div class=\"hero__content\">\n\t\t\t\t\t\t\t<h1 class='hero__title'>Netzwerk<\/h1>\t\t\t\t\t\t\t\t\t\t\t\t\t\t\t\t\t\t\t\t<\/div>\n\t\t\t\t\t<\/div>\n\t\t\t\t\n\t\t\t<\/div>\n\n\t\t\t\t\t<\/div>\n\t<\/div>\n\n\t<\/div>\n<\/section>\n\n\n<style id=\"strategiq-two-column-style\">.block-two-column{padding:40px 0 20px}.single-firm .block-two-column{padding-bottom:1.875rem}@media (min-width: 768px){.block-two-column{padding:0}}@media (min-width: 768px){.block-two-column .content-offset-right{padding-right:0}}@media (min-width: 992px){.block-two-column .content-offset-right{padding-right:calc(8.33333% + 24px)}}.block-two-column img{width:100%}.block-two-column__content{color:var(--text-color)}.block-two-column__content p:last-of-type{margin-bottom:0}.block-two-column__list-content{margin-bottom:2.5rem}.block-two-column__list-heading{margin-bottom:8px;font-size:20px;font-weight:500}.block-two-column__list li p:last-of-type{margin-bottom:0}.block-two-column__list ul:first-of-type,.block-two-column__list ol:first-of-type{margin-top:0}.block-two-column__list ul:first-of-type li:first-of-type,.block-two-column__list ol:first-of-type li:first-of-type{margin-top:0}.block-two-column__list>p+ul:first-of-type,.block-two-column__list>p+ol:first-of-type{margin-top:1rem}.block-two-column__list>p+ul:first-of-type li:first-of-type,.block-two-column__list>p+ol:first-of-type li:first-of-type{margin-top:24px}.block-two-column__content.position-sticky,.block-two-column__list.position-sticky,.block-two-column__image-container.position-sticky{top:calc(var(--site-header-height) + 1rem)}.block-two-column__content,.block-two-column__image,.block-two-column__list{padding:12px 0}@media (min-width: 768px){.block-two-column__content,.block-two-column__image,.block-two-column__list{padding:2.5rem 1rem}}@media (min-width: 992px){.block-two-column__content,.block-two-column__image,.block-two-column__list{padding:5rem 0 3.75rem 0}}\n\n\/*# sourceMappingURL=block-two-column.css.map *\/\n<\/style>\n<section class=\"wp-block-strategiq block-two-column wp-block-strategiq-two-column\" id=\"network-internazionale\">\n\t<div class=\"container\">\n\t\t\t\t\t<div class=\"line line--grey\"><\/div>\n\t\t\t<div class=\"section-name\">\n\t\t\t\t<div class=\"section-name__inner\">\n\t\t\t\t\t\t\t\t\t\t<h1 class=\"section-name__heading\">Das internationale Netzwerk<\/h1>\n\t\t\t\t<\/div>\n\t\t\t<\/div>\n\t\t\t\t<div class=\"row align-items-\">\n\t\t\t\t\t\t\t<div class=\"col-12 col-md-6 col-lg-5 offset-lg-1\">\n\t\t\t\t\t\t\t\t\t\t\t<div class=\"block-two-column__content content-container\">\n\t\t\t\t\t\t\t\t\t\t\t\t\t\t\t<p class=\"translation-block\">Mit \u00fcber 260 Mitgliedskanzleien und mehr als 30.000 Mitarbeitern erstreckt sich das Netzwerk von <strong>Moore Global<\/strong> \u00fcber alle Kontinente.<\/p>\n<p>Damit sind wir ein idealer Partner f\u00fcr mittelst\u00e4ndische Kunden, die kurze unkomplizierte Wege, N\u00e4he, Engagement und vertraute Ansprechpartner sch\u00e4tzen.<\/p>\n<p>Mehr \u00fcber das internationale Netzwerk von Moore Global erfahren Sie unter<\/p>\n<p><a class=\"btn btn--secondary btn--hollow\" href=\"https:\/\/www.moore-global.com\" target=\"_blank\" rel=\"noopener\">www.moore-global.com<\/a><\/p>\n\t\t\t\t\t\t\t\t\t\t\t\t\t<\/div>\n\t\t\t\t\t\t\t\t\t<\/div>\n\t\t\t\t\t\t\t<div class=\"col-12 col-md-6\">\n\t\t\t\t\t\t\t\t\t\t\t<div class=\"block-two-column__image-container\">\n\t\t\t\t\t\t\t<picture class=\"block-two-column__image\"><source media=\"(min-width: 0px)\" loading=\"lazy\" srcset=\"https:\/\/www.dfaudit.com\/wp-content\/uploads\/sites\/16\/bis-images\/493\/moore-intelligence-banner_12-590x395-f50_50.jpg 1.000x,https:\/\/www.dfaudit.com\/wp-content\/uploads\/sites\/16\/bis-images\/493\/moore-intelligence-banner_12-1121x750-f50_50.jpg 1.900x\"><img decoding=\"async\" loading=\"lazy\" src=\"https:\/\/www.dfaudit.com\/wp-content\/uploads\/sites\/16\/bis-images\/493\/moore-intelligence-banner_12-590x395-f50_50.jpg\" srcset=\"https:\/\/www.dfaudit.com\/wp-content\/uploads\/sites\/16\/bis-images\/493\/moore-intelligence-banner_12-590x395-f50_50.jpg 1.000x,https:\/\/www.dfaudit.com\/wp-content\/uploads\/sites\/16\/bis-images\/493\/moore-intelligence-banner_12-1121x750-f50_50.jpg 1.900x\" alt=\"Netzwerk\" width=\"590\" height=\"395\" class=\"\"><\/picture>\t\t\t\t\t\t<\/div>\n\t\t\t\t\t\t\t\t\t<\/div>\n\t\t\t\t\t<\/div>\n\t<\/div>\n<\/section>\n\n\n<section class=\"wp-block-strategiq block-two-column wp-block-strategiq-two-column\" id=\"network-in-Italia\">\n\t<div class=\"container\">\n\t\t\t\t\t<div class=\"line line--grey\"><\/div>\n\t\t\t<div class=\"section-name\">\n\t\t\t\t<div class=\"section-name__inner\">\n\t\t\t\t\t\t\t\t\t\t<h1 class=\"section-name__heading\">Das Netzwerk in Italien<\/h1>\n\t\t\t\t<\/div>\n\t\t\t<\/div>\n\t\t\t\t<div class=\"row align-items-\">\n\t\t\t\t\t\t\t<div class=\"col-12 col-md-6 col-lg-5 offset-lg-1\">\n\t\t\t\t\t\t\t\t\t\t\t<div class=\"block-two-column__content content-container\">\n\t\t\t\t\t\t\t\t\t\t\t\t\t\t\t<p class=\"translation-block\">In Italien ist <strong>DF Audit S.p.A.<\/strong> Mitglied des Verbandes <strong>MOORE Global Network Limited<\/strong> dem weitere Mitgliedsfirmen und Wirtschaftspr\u00fcfungsgesellschaften des oben genannten Netzwerks mit Sitz in Italien angeh\u00f6ren.<\/p>\n<p>&nbsp;<\/p>\n<p><strong>Wirtschaftspr\u00fcfungsgesellschaften:<\/strong><\/p>\n<ul>\n<li class=\"translation-block\"><strong>AXIS S.r.l.<\/strong>\u00a0mit Sitz in Reggio Emilia (<a href=\"https:\/\/www.moore-axis.it\/\" target=\"_self\">www.moore-axis.it<\/a>);<\/li>\n<li class=\"translation-block\"><strong>Reviprof S.p.A.\u00a0<\/strong>mit Sitz in Mantova (<a href=\"https:\/\/www.reviprof.com\/\" target=\"_blank\" rel=\"noopener\">www.reviprof.com<\/a>);<\/li>\n<li class=\"translation-block\"><strong>Moore Stephens BP S.r.l.\u00a0<\/strong>mit Sitz in Bozen (<a href=\"https:\/\/www.moorestephensbp.com\/it-it\" target=\"_self\">www.moorestephensbp.com\/it-it<\/a>).<\/li>\n<li class=\"translation-block\"><strong>Uniaudit S.r.l.<\/strong> mit Sitz in Bologna (<a href=\"https:\/\/www.uniaudit.it\" target=\"_blank\" rel=\"noopener\">www.uniaudit.it<\/a>).<\/li>\n<\/ul>\n<p>&nbsp;<\/p>\n<p><strong>Andere Firmen:<\/strong><\/p>\n<ul>\n<li class=\"translation-block\"><strong>Studio Bureau Plattner<\/strong>\u00a0mit Sitz in Bozen und Mailand (<a href=\"https:\/\/www.bureauplattner.com\/it\" target=\"_self\">www.bureauplattner.com\/it<\/a>);<\/li>\n<li class=\"translation-block\"><strong>Moore Professionisti Associati S.r.l. S.t.p.<\/strong> mit Sitz in Mailand (<a href=\"https:\/\/www.moorepa.it\/\" target=\"_self\">www.moorepa.it<\/a>).<\/li>\n<\/ul>\n<p class=\"translation-block\">Insbesondere ist darauf hinzuweisen, dass <b>AXIS S.r.l.<\/b>, gegr\u00fcndet im Jahre 1987, seit 1992 und bis zu dessen Aufl\u00f6sung, im CONSOB-Sonderregister eingetragen war und auch Mitglied von ASSIREVI ist, einer Vereinigung, der die wichtigsten in Italien t\u00e4tigen Wirtschaftspr\u00fcfungsgesellschaften angeh\u00f6ren.<\/p>\n<p>Der Hauptsitz der drei Unternehmen befindet sich in Gebieten mit starker industrieller Ausrichtung und guter Anbindung an Mailand und Rom.<\/p>\n\t\t\t\t\t\t\t\t\t\t\t\t\t<\/div>\n\t\t\t\t\t\t\t\t\t<\/div>\n\t\t\t\t\t\t\t<div class=\"col-12 col-md-6\">\n\t\t\t\t\t\t\t\t\t\t\t<div class=\"block-two-column__image-container\">\n\t\t\t\t\t\t\t<picture class=\"block-two-column__image\"><source media=\"(min-width: 0px)\" loading=\"lazy\" srcset=\"https:\/\/www.dfaudit.com\/wp-content\/uploads\/sites\/16\/bis-images\/499\/Network-in-Italia-590x395-f50_50.jpg 1.000x,https:\/\/www.dfaudit.com\/wp-content\/uploads\/sites\/16\/bis-images\/499\/Network-in-Italia-590x395-f50_50.jpg 1.000x\"><img decoding=\"async\" loading=\"lazy\" src=\"https:\/\/www.dfaudit.com\/wp-content\/uploads\/sites\/16\/bis-images\/499\/Network-in-Italia-590x395-f50_50.jpg\" srcset=\"https:\/\/www.dfaudit.com\/wp-content\/uploads\/sites\/16\/bis-images\/499\/Network-in-Italia-590x395-f50_50.jpg 1.000x,https:\/\/www.dfaudit.com\/wp-content\/uploads\/sites\/16\/bis-images\/499\/Network-in-Italia-590x395-f50_50.jpg 1.000x\" alt=\"Netzwerk\" width=\"590\" height=\"395\" class=\"\"><\/picture>\t\t\t\t\t\t<\/div>\n\t\t\t\t\t\t\t\t\t<\/div>\n\t\t\t\t\t<\/div>\n\t<\/div>\n<\/section>","protected":false},"excerpt":{"rendered":"","protected":false},"author":6,"featured_media":0,"parent":0,"menu_order":8,"comment_status":"closed","ping_status":"closed","template":"","meta":{"_acf_changed":true,"footnotes":""},"class_list":["post-458","page","type-page","status-publish","hentry"],"acf":[],"yoast_head":"<!-- This site is optimized with the Yoast SEO plugin v27.2 - https:\/\/yoast.com\/product\/yoast-seo-wordpress\/ -->\n<title>Network - DF Audit S.p.A.<\/title>\n<meta name=\"robots\" content=\"index, follow, max-snippet:-1, max-image-preview:large, max-video-preview:-1\" \/>\n<link rel=\"canonical\" href=\"https:\/\/www.dfaudit.com\/de\/network\/\" \/>\n<meta property=\"og:locale\" content=\"de_DE\" \/>\n<meta property=\"og:type\" content=\"article\" \/>\n<meta property=\"og:title\" content=\"Network - DF Audit S.p.A.\" \/>\n<meta property=\"og:url\" content=\"https:\/\/www.dfaudit.com\/de\/network\/\" \/>\n<meta property=\"og:site_name\" content=\"DF Audit S.p.A.\" \/>\n<meta property=\"article:modified_time\" content=\"2025-12-18T16:17:57+00:00\" \/>\n<meta name=\"twitter:card\" content=\"summary_large_image\" \/>\n<script type=\"application\/ld+json\" class=\"yoast-schema-graph\">{\"@context\":\"https:\/\/schema.org\",\"@graph\":[{\"@type\":\"WebPage\",\"@id\":\"https:\/\/www.dfaudit.com\/network\/\",\"url\":\"https:\/\/www.dfaudit.com\/network\/\",\"name\":\"Network - DF Audit S.p.A.\",\"isPartOf\":{\"@id\":\"https:\/\/www.dfaudit.com\/#website\"},\"datePublished\":\"2025-10-03T10:31:50+00:00\",\"dateModified\":\"2025-12-18T16:17:57+00:00\",\"breadcrumb\":{\"@id\":\"https:\/\/www.dfaudit.com\/network\/#breadcrumb\"},\"inLanguage\":\"de\",\"potentialAction\":[{\"@type\":\"ReadAction\",\"target\":[\"https:\/\/www.dfaudit.com\/network\/\"]}]},{\"@type\":\"BreadcrumbList\",\"@id\":\"https:\/\/www.dfaudit.com\/network\/#breadcrumb\",\"itemListElement\":[{\"@type\":\"ListItem\",\"position\":1,\"name\":\"Home\",\"item\":\"https:\/\/www.dfaudit.com\/\"},{\"@type\":\"ListItem\",\"position\":2,\"name\":\"Network\"}]},{\"@type\":\"WebSite\",\"@id\":\"https:\/\/www.dfaudit.com\/#website\",\"url\":\"https:\/\/www.dfaudit.com\/\",\"name\":\"DF Audit S.p.A.\",\"description\":\"This is the base site for Moore Global\",\"potentialAction\":[{\"@type\":\"SearchAction\",\"target\":{\"@type\":\"EntryPoint\",\"urlTemplate\":\"https:\/\/www.dfaudit.com\/?s={search_term_string}\"},\"query-input\":{\"@type\":\"PropertyValueSpecification\",\"valueRequired\":true,\"valueName\":\"search_term_string\"}}],\"inLanguage\":\"de\"}]}<\/script>\n<!-- \/ Yoast SEO plugin. -->","yoast_head_json":{"title":"Network - DF Audit S.p.A.","robots":{"index":"index","follow":"follow","max-snippet":"max-snippet:-1","max-image-preview":"max-image-preview:large","max-video-preview":"max-video-preview:-1"},"canonical":"https:\/\/www.dfaudit.com\/de\/network\/","og_locale":"de_DE","og_type":"article","og_title":"Network - DF Audit S.p.A.","og_url":"https:\/\/www.dfaudit.com\/de\/network\/","og_site_name":"DF Audit S.p.A.","article_modified_time":"2025-12-18T16:17:57+00:00","twitter_card":"summary_large_image","schema":{"@context":"https:\/\/schema.org","@graph":[{"@type":"WebPage","@id":"https:\/\/www.dfaudit.com\/network\/","url":"https:\/\/www.dfaudit.com\/network\/","name":"Network - DF Audit S.p.A.","isPartOf":{"@id":"https:\/\/www.dfaudit.com\/#website"},"datePublished":"2025-10-03T10:31:50+00:00","dateModified":"2025-12-18T16:17:57+00:00","breadcrumb":{"@id":"https:\/\/www.dfaudit.com\/network\/#breadcrumb"},"inLanguage":"de","potentialAction":[{"@type":"ReadAction","target":["https:\/\/www.dfaudit.com\/network\/"]}]},{"@type":"BreadcrumbList","@id":"https:\/\/www.dfaudit.com\/network\/#breadcrumb","itemListElement":[{"@type":"ListItem","position":1,"name":"Home","item":"https:\/\/www.dfaudit.com\/"},{"@type":"ListItem","position":2,"name":"Network"}]},{"@type":"WebSite","@id":"https:\/\/www.dfaudit.com\/#website","url":"https:\/\/www.dfaudit.com\/","name":"DF Audit S.p.A.","description":"This is the base site for Moore Global","potentialAction":[{"@type":"SearchAction","target":{"@type":"EntryPoint","urlTemplate":"https:\/\/www.dfaudit.com\/?s={search_term_string}"},"query-input":{"@type":"PropertyValueSpecification","valueRequired":true,"valueName":"search_term_string"}}],"inLanguage":"de"}]}},"_links":{"self":[{"href":"https:\/\/www.dfaudit.com\/de\/wp-json\/wp\/v2\/pages\/458","targetHints":{"allow":["GET"]}}],"collection":[{"href":"https:\/\/www.dfaudit.com\/de\/wp-json\/wp\/v2\/pages"}],"about":[{"href":"https:\/\/www.dfaudit.com\/de\/wp-json\/wp\/v2\/types\/page"}],"author":[{"embeddable":true,"href":"https:\/\/www.dfaudit.com\/de\/wp-json\/wp\/v2\/users\/6"}],"replies":[{"embeddable":true,"href":"https:\/\/www.dfaudit.com\/de\/wp-json\/wp\/v2\/comments?post=458"}],"version-history":[{"count":0,"href":"https:\/\/www.dfaudit.com\/de\/wp-json\/wp\/v2\/pages\/458\/revisions"}],"wp:attachment":[{"href":"https:\/\/www.dfaudit.com\/de\/wp-json\/wp\/v2\/media?parent=458"}],"curies":[{"name":"wp","href":"https:\/\/api.w.org\/{rel}","templated":true}]}}