{"id":319,"date":"2025-10-02T13:59:43","date_gmt":"2025-10-02T13:59:42","guid":{"rendered":"https:\/\/df-audit-s-p-a.eu.moore-global.com\/chi-siamo-2\/"},"modified":"2025-10-03T12:25:05","modified_gmt":"2025-10-03T12:25:05","slug":"our-mission","status":"publish","type":"page","link":"https:\/\/www.dfaudit.com\/de\/our-mission\/","title":{"rendered":"Unser Leitbild"},"content":{"rendered":"<style id=\"strategiq-hero-style\">@media (min-width: 992px){.block-hero{margin-left:83px}}.block-hero .position-relative:has(.hero__svg){overflow:hidden}.block-hero .hero__svg{z-index:1;-webkit-transform:translateX(100%);transform:translateX(100%);opacity:0;-webkit-animation:heroSvgFadeIn 1s ease-out forwards;animation:heroSvgFadeIn 1s ease-out forwards;-webkit-animation-delay:0.3s;animation-delay:0.3s}.block-hero .hero__svg-left{position:absolute;left:0;top:0;height:100%;-webkit-transform:translateX(100%);transform:translateX(100%);opacity:0;-webkit-animation:heroSvgFadeInReverse 2s cubic-bezier(0.25, 0.1, 0.05, 1) forwards;animation:heroSvgFadeInReverse 2s cubic-bezier(0.25, 0.1, 0.05, 1) forwards;-webkit-animation-delay:0.3s;animation-delay:0.3s}.block-hero .hero__svg-right{position:absolute;right:0;top:0;height:100%;-webkit-transform:translateX(-100%);transform:translateX(-100%);opacity:0;-webkit-animation:heroSvgFadeIn 2s cubic-bezier(0.25, 0.1, 0.05, 1) forwards;animation:heroSvgFadeIn 2s cubic-bezier(0.25, 0.1, 0.05, 1) forwards;-webkit-animation-delay:1s;animation-delay:1s}@-webkit-keyframes heroSvgFadeIn{0%{opacity:0;-webkit-transform:translateX(100%);transform:translateX(100%)}100%{opacity:1;-webkit-transform:translateX(0);transform:translateX(0)}}@keyframes heroSvgFadeIn{0%{opacity:0;-webkit-transform:translateX(100%);transform:translateX(100%)}100%{opacity:1;-webkit-transform:translateX(0);transform:translateX(0)}}@-webkit-keyframes heroSvgFadeInReverse{0%{opacity:0;-webkit-transform:translateX(-100%);transform:translateX(-100%)}100%{opacity:1;-webkit-transform:translateX(0);transform:translateX(0)}}@keyframes heroSvgFadeInReverse{0%{opacity:0;-webkit-transform:translateX(-100%);transform:translateX(-100%)}100%{opacity:1;-webkit-transform:translateX(0);transform:translateX(0)}}.block-hero--large{margin-left:0}.block-hero--large .hero{background:transparent}.block-hero--large.has-secondary-background-color .hero__content-wrapper{background-color:#5C0696}.block-hero--large.has-primary-background-color .hero__content-wrapper{background-color:#02212E}.block-hero--large.has-prussian-blue-background-color{background-color:transparent !important}.block-hero--large.has-prussian-blue-background-color .hero__content-wrapper{background:#004C6C}.block-hero--large.has-primary-gradient-gradient-background{background:transparent !important}.block-hero--large.has-primary-gradient-gradient-background .hero__content-wrapper{background:var(--primary-gradient)}.block-hero--large.has-secondary-gradient-gradient-background{background:transparent !important}.block-hero--large.has-secondary-gradient-gradient-background .hero__content-wrapper{background:var(--secondary-gradient)}.block-hero--large.has-tertiary-gradient-gradient-background{background:transparent !important}.block-hero--large.has-tertiary-gradient-gradient-background .hero__content-wrapper{background:var(--tertiary-gradient)}@media (min-width: 992px){.block-hero--heading-above-image{border-left:1px solid #D9D9D9;margin-right:83px}}.block-hero--heading-above-image .hero{min-height:410px}@media (min-width: 768px){.block-hero--heading-above-image .hero{min-height:570px}}.block-hero--heading-above-image .hero--call-to-action{-webkit-box-pack:end;-ms-flex-pack:end;justify-content:flex-end}@media (min-width: 992px){.block-hero--heading-above-image .hero--call-to-action{padding-right:0}}.block-hero.has-secondary-background-color{background-color:transparent !important}.block-hero.has-secondary-background-color .hero{background:#5C0696}.block-hero.has-white-background-color .hero{background:#fff}.block-hero.has-white-background-color .hero__title,.block-hero.has-white-background-color .hero__content p{color:#000}.block-hero.has-light-blue-background-color .hero{background:#eaf7fe}.block-hero.has-light-blue-background-color .hero__title,.block-hero.has-light-blue-background-color .hero__content p{color:#000}.block-hero.has-primary-background-color .hero{background:#02212E}.block-hero.has-prussian-blue-background-color{background-color:transparent !important}.block-hero.has-prussian-blue-background-color .hero{background:#004C6C}.block-hero.has-primary-gradient-gradient-background{background:transparent !important}.block-hero.has-primary-gradient-gradient-background .hero{background:var(--primary-gradient)}.block-hero.has-secondary-gradient-gradient-background{background:transparent !important}.block-hero.has-secondary-gradient-gradient-background .hero{background:var(--secondary-gradient)}.block-hero.has-tertiary-gradient-gradient-background{background:transparent !important}.block-hero.has-tertiary-gradient-gradient-background .hero{background:var(--tertiary-gradient)}\n\n\/*# sourceMappingURL=block-hero.css.map *\/\n<\/style>\n<section class=\"wp-block-strategiq block-hero block-hero block-hero--default wp-block-strategiq-hero\">\n\t\n\n<div class=\"hero hero--default\">\n\t\n\t<div class=\"container-fluid\">\n\t\t<div class=\"row\">\n\t\t\t<div class=\"col-12  p-0\">\n\t\t\t\t\t\t\t\t\t\t\t\t\t\t\t\n\t\t\t\t\t\t\t\t\t\t\t\t\t\t\t<img decoding=\"async\" class=\"hero__svg-left\" src=\"https:\/\/www.dfaudit.com\/wp-content\/themes\/moore-global\/assets\/images\/hero-default-left.svg\" alt=\"Hero Image\">\n\n\t\t\t\t\t\t\t\t<img decoding=\"async\" class=\"hero__svg-right\" src=\"https:\/\/www.dfaudit.com\/wp-content\/themes\/moore-global\/assets\/images\/hero-default-right.svg\" alt=\"Hero Image\">\n\t\t\t\t\t\t\t\n\t\t\t\t\t\t\t\t\t\t\t\t\t\t\t\n\t\t\t\t\n\t\t\t\t\t\t\t\t\t<div class=\"hero__content-wrapper\">\n\t\t\t\t\t\t<div class=\"hero__content\">\n\t\t\t\t\t\t\t<h1 class='hero__title'>Unser Leitbild<\/h1>\t\t\t\t\t\t\t\t\t\t\t\t\t\t\t\t\t\t\t\t<\/div>\n\t\t\t\t\t<\/div>\n\t\t\t\t\n\t\t\t<\/div>\n\n\t\t\t\t\t<\/div>\n\t<\/div>\n\n\t<\/div>\n<\/section>\n\n\n\n<section class=\"wp-block-strategiq block-section-wrap wp-block-strategiq-section-wrap has-background has-white-background-color\">\n\t<div class=\"container\">\n\t\t\n<div class=\"line line--grey\"><\/div>\n\t<div class=\"section-name\">\n\t\t<div class=\"section-name__inner\">\n\t\t\t\t\t\t<p class=\"section-name__heading\">Unser Leitbild<\/p>\n\t\t<\/div>\n\t<\/div>\n\t\t<div class=\"acf-innerblocks-container\">\n<style id=\"strategiq-two-column-style\">.block-two-column{padding:40px 0 20px}.single-firm .block-two-column{padding-bottom:1.875rem}@media (min-width: 768px){.block-two-column{padding:0}}@media (min-width: 768px){.block-two-column .content-offset-right{padding-right:0}}@media (min-width: 992px){.block-two-column .content-offset-right{padding-right:calc(8.33333% + 24px)}}.block-two-column img{width:100%}.block-two-column__content{color:var(--text-color)}.block-two-column__content p:last-of-type{margin-bottom:0}.block-two-column__list-content{margin-bottom:2.5rem}.block-two-column__list-heading{margin-bottom:8px;font-size:20px;font-weight:500}.block-two-column__list li p:last-of-type{margin-bottom:0}.block-two-column__list ul:first-of-type,.block-two-column__list ol:first-of-type{margin-top:0}.block-two-column__list ul:first-of-type li:first-of-type,.block-two-column__list ol:first-of-type li:first-of-type{margin-top:0}.block-two-column__list>p+ul:first-of-type,.block-two-column__list>p+ol:first-of-type{margin-top:1rem}.block-two-column__list>p+ul:first-of-type li:first-of-type,.block-two-column__list>p+ol:first-of-type li:first-of-type{margin-top:24px}.block-two-column__content.position-sticky,.block-two-column__list.position-sticky,.block-two-column__image-container.position-sticky{top:calc(var(--site-header-height) + 1rem)}.block-two-column__content,.block-two-column__image,.block-two-column__list{padding:12px 0}@media (min-width: 768px){.block-two-column__content,.block-two-column__image,.block-two-column__list{padding:2.5rem 1rem}}@media (min-width: 992px){.block-two-column__content,.block-two-column__image,.block-two-column__list{padding:5rem 0 3.75rem 0}}\n\n\/*# sourceMappingURL=block-two-column.css.map *\/\n<\/style>\n<section class=\"wp-block-strategiq block-two-column wp-block-strategiq-two-column\">\n\t<div class=\"container\">\n\t\t\t\t<div class=\"row align-items-start\">\n\t\t\t\t\t\t\t<div class=\"col-12 col-md-6 col-lg-5 offset-lg-1\">\n\t\t\t\t\t\t\t\t\t\t\t<div class=\"block-two-column__content content-container\">\n\t\t\t\t\t\t\t\t\t\t\t\t\t\t\t<h4>Dank der 20-j\u00e4hrige Erfahrung in der Pr\u00fcfung von nationalen und internationalen Konzernen der beiden operativen Partner Andrea Fogarolo und Gian Luca Tognon, DF Audit S. p. A. Organisations- und Wirtschaftspr\u00fcfungs-<br>gesellschaft, die 2011 in Padua gegr\u00fcndet wurde - f\u00fcr Unternehmen in der Region Triveneto (und nicht nur) ist sie ein zuverl\u00e4ssiger technischer Bezugspunkt f\u00fcr die Erbringung professioneller Dienstleistungen im Bereich der Wirtschaftspr\u00fcfung und Rechnungslegung.<\/h4>\n\t\t\t\t\t\t\t\t\t\t\t\t\t<\/div>\n\t\t\t\t\t\t\t\t\t<\/div>\n\t\t\t\t\t\t\t<div class=\"col-12 col-md-6\">\n\t\t\t\t\t\t\t\t\t\t\t<div class=\"block-two-column__content content-container\">\n\t\t\t\t\t\t\t\t\t\t\t\t\t\t\t<p class=\"translation-block\">F\u00fcr DF Audit ist es unerl\u00e4sslich, einen Ansatz zu entwickeln, der auf die Bed\u00fcrfnisse und Eigenschaften des Kunden eingeht. Das ultimative Ziel bleibt es, dem <b>Kunden einen Mehrwert zu bieten<\/b>, aber das was <b>DF Audit von anderen Wirtschaftspr\u00fcfungsgesellschaften unterscheidet<\/b>, ist die <b>Art und Weise<\/b>, wie dieses Ziel verfolgt wird, insbesondere durch den Austausch von Fachwissen - \u00fcber Buchhaltung, Management, Finanzen, usw. die im Rahmen \u00e4hnlicher Aufgaben erworben wurden und immer an die besonderen Bed\u00fcrfnisse des Kunden angepasst sind, wodurch der Inhalt der erbrachten Dienstleistung personalisiert wird, wobei die Qualit\u00e4t und die technische Strenge derselben respektiert werden.<\/p>\n<p class=\"translation-block\">F\u00fcr DF Audit ist die gewissenhafte Beachtung der Einhaltung der <b>berufsethischen Grunds\u00e4tze<\/b> (Unabh\u00e4ngigkeit, Ethik, Gutgl\u00e4ubigkeit, Vern\u00fcnftigkeit), ein unersetzlicher und unverzichtbarer Bezugspunkt, der die Grundlage f\u00fcr die Pr\u00fcfungst\u00e4tigkeit und ganz allgemein f\u00fcr alle erbrachten professionellen Dienstleistungen bildet.<\/p>\n<p>Alle Mitarbeiter von DF Audit sind Unniversit\u00e4tsabsolventen mit einem Master-Abschluss der Wirtschaftswissenschaftlichen Fakult\u00e4t - insbesondere der Universit\u00e4ten Padua und Venedig. Nach einer kurzen Praktikumsphase zum gegenseitigen Kennenlernen, sieht das Praktikum die Einstellung mit unbefristeten Arbeitsvertr\u00e4gen und die regelm\u00e4\u00dfige Teilnahme an fachspezifischen Weiterbildungskursen vor, sowohl in den Bereichen Wirtschaftspr\u00fcfung, Rechnungswesen, Bilanz und Finanzen, als auch in anderen Bereichen, um das vollst\u00e4ndige Wachstum der Humanressourcen zu f\u00f6rdern, wie z.B.  der englischen Sprache, Computeranwendungen usw.<\/p>\n<p class=\"translation-block\">Andrea Fogarolo und Gian Luca Tognon sind die <b>\u201eoperativen\u201c Partner und technischen Bezugspunkte<\/b> f\u00fcr j\u00fcngere Kollegen, die das Praktikum zur Ablegung des Staatsexamens absolvieren (oder bereits absolviert haben), um die Zulassung und die damit verbundene Eintragung in das Register der Wirtschaftspr\u00fcfer zu erhalten. Einige der Kolleginnen und Kollegen haben bereits umfangreiche Berufserfahrung bei DF Audit, seit der Gr\u00fcndung, gesammelt und haben bereits Erfahrungen in anderen Wirtschaftspr\u00fcfungsgesellschaften erhalten k\u00f6nnen.<\/p>\n\t\t\t\t\t\t\t\t\t\t\t\t\t<\/div>\n\t\t\t\t\t\t\t\t\t<\/div>\n\t\t\t\t\t<\/div>\n\t<\/div>\n<\/section>\n\n\n<section class=\"wp-block-strategiq block-two-column wp-block-strategiq-two-column\">\n\t<div class=\"container\">\n\t\t\t\t<div class=\"row align-items-center\">\n\t\t\t\t\t\t\t<div class=\"col-12 col-md-6 col-lg-5 offset-lg-1\">\n\t\t\t\t\t\t\t\t\t\t\t<div class=\"block-two-column__image-container\">\n\t\t\t\t\t\t\t<picture class=\"block-two-column__image\"><source media=\"(min-width: 0px)\" loading=\"lazy\" srcset=\"https:\/\/www.dfaudit.com\/wp-content\/uploads\/sites\/16\/bis-images\/326\/Moore-Overview-590x395-f50_50.png 1.000x,https:\/\/www.dfaudit.com\/wp-content\/uploads\/sites\/16\/bis-images\/326\/Moore-Overview-682x456-f50_50.png 1.156x\"><img decoding=\"async\" loading=\"lazy\" src=\"https:\/\/www.dfaudit.com\/wp-content\/uploads\/sites\/16\/bis-images\/326\/Moore-Overview-590x395-f50_50.png\" srcset=\"https:\/\/www.dfaudit.com\/wp-content\/uploads\/sites\/16\/bis-images\/326\/Moore-Overview-590x395-f50_50.png 1.000x,https:\/\/www.dfaudit.com\/wp-content\/uploads\/sites\/16\/bis-images\/326\/Moore-Overview-682x456-f50_50.png 1.156x\" alt=\"Unser Leitbild\" width=\"590\" height=\"395\" class=\"\"><\/picture>\t\t\t\t\t\t<\/div>\n\t\t\t\t\t\t\t\t\t<\/div>\n\t\t\t\t\t\t\t<div class=\"col-12 col-md-6\">\n\t\t\t\t\t\t\t\t\t\t\t<div class=\"block-two-column__content position-sticky content-container\">\n\t\t\t\t\t\t\t\t\t\t\t\t\t\t\t<h3 class=\"body--xlarge\" style=\"text-align: center\">MOORE Overview<\/h3>\n<p style=\"text-align: center\"><a class=\"btn btn--secondary btn--hollow\" href=\"https:\/\/df-audit-s-p-a.eu.moore-global.com\/wp-content\/uploads\/sites\/16\/2025\/10\/Moore-Global-Overview_6-September.pdf\" target=\"_blank\" rel=\"noopener\">Mehr Infos<\/a><\/p>\n\t\t\t\t\t\t\t\t\t\t\t\t\t<\/div>\n\t\t\t\t\t\t\t\t\t<\/div>\n\t\t\t\t\t<\/div>\n\t<\/div>\n<\/section>\n<\/div>\n\t<\/div>\n<\/section>\n\n\n\n<div style=\"height:0px\" aria-hidden=\"true\" class=\"wp-block-spacer\"><\/div>\n\n\n\n<p><\/p>","protected":false},"excerpt":{"rendered":"","protected":false},"author":6,"featured_media":0,"parent":0,"menu_order":4,"comment_status":"closed","ping_status":"closed","template":"","meta":{"_acf_changed":true,"footnotes":""},"class_list":["post-319","page","type-page","status-publish","hentry"],"acf":[],"yoast_head":"<!-- This site is optimized with the Yoast SEO plugin v27.2 - https:\/\/yoast.com\/product\/yoast-seo-wordpress\/ -->\n<title>Our mission - DF Audit S.p.A.<\/title>\n<meta name=\"robots\" content=\"index, follow, max-snippet:-1, max-image-preview:large, max-video-preview:-1\" \/>\n<link rel=\"canonical\" href=\"https:\/\/www.dfaudit.com\/de\/our-mission\/\" \/>\n<meta property=\"og:locale\" content=\"de_DE\" \/>\n<meta property=\"og:type\" content=\"article\" \/>\n<meta property=\"og:title\" content=\"Our mission - DF Audit S.p.A.\" \/>\n<meta property=\"og:url\" content=\"https:\/\/www.dfaudit.com\/de\/our-mission\/\" \/>\n<meta property=\"og:site_name\" content=\"DF Audit S.p.A.\" \/>\n<meta property=\"article:modified_time\" content=\"2025-10-03T12:25:05+00:00\" \/>\n<meta name=\"twitter:card\" content=\"summary_large_image\" \/>\n<script type=\"application\/ld+json\" class=\"yoast-schema-graph\">{\"@context\":\"https:\/\/schema.org\",\"@graph\":[{\"@type\":\"WebPage\",\"@id\":\"https:\/\/www.dfaudit.com\/our-mission\/\",\"url\":\"https:\/\/www.dfaudit.com\/our-mission\/\",\"name\":\"Our mission - DF Audit S.p.A.\",\"isPartOf\":{\"@id\":\"https:\/\/www.dfaudit.com\/#website\"},\"datePublished\":\"2025-10-02T13:59:42+00:00\",\"dateModified\":\"2025-10-03T12:25:05+00:00\",\"breadcrumb\":{\"@id\":\"https:\/\/www.dfaudit.com\/our-mission\/#breadcrumb\"},\"inLanguage\":\"de\",\"potentialAction\":[{\"@type\":\"ReadAction\",\"target\":[\"https:\/\/www.dfaudit.com\/our-mission\/\"]}]},{\"@type\":\"BreadcrumbList\",\"@id\":\"https:\/\/www.dfaudit.com\/our-mission\/#breadcrumb\",\"itemListElement\":[{\"@type\":\"ListItem\",\"position\":1,\"name\":\"Home\",\"item\":\"https:\/\/www.dfaudit.com\/\"},{\"@type\":\"ListItem\",\"position\":2,\"name\":\"Our mission\"}]},{\"@type\":\"WebSite\",\"@id\":\"https:\/\/www.dfaudit.com\/#website\",\"url\":\"https:\/\/www.dfaudit.com\/\",\"name\":\"DF Audit S.p.A.\",\"description\":\"This is the base site for Moore Global\",\"potentialAction\":[{\"@type\":\"SearchAction\",\"target\":{\"@type\":\"EntryPoint\",\"urlTemplate\":\"https:\/\/www.dfaudit.com\/?s={search_term_string}\"},\"query-input\":{\"@type\":\"PropertyValueSpecification\",\"valueRequired\":true,\"valueName\":\"search_term_string\"}}],\"inLanguage\":\"de\"}]}<\/script>\n<!-- \/ Yoast SEO plugin. -->","yoast_head_json":{"title":"Our mission - DF Audit S.p.A.","robots":{"index":"index","follow":"follow","max-snippet":"max-snippet:-1","max-image-preview":"max-image-preview:large","max-video-preview":"max-video-preview:-1"},"canonical":"https:\/\/www.dfaudit.com\/de\/our-mission\/","og_locale":"de_DE","og_type":"article","og_title":"Our mission - DF Audit S.p.A.","og_url":"https:\/\/www.dfaudit.com\/de\/our-mission\/","og_site_name":"DF Audit S.p.A.","article_modified_time":"2025-10-03T12:25:05+00:00","twitter_card":"summary_large_image","schema":{"@context":"https:\/\/schema.org","@graph":[{"@type":"WebPage","@id":"https:\/\/www.dfaudit.com\/our-mission\/","url":"https:\/\/www.dfaudit.com\/our-mission\/","name":"Our mission - DF Audit S.p.A.","isPartOf":{"@id":"https:\/\/www.dfaudit.com\/#website"},"datePublished":"2025-10-02T13:59:42+00:00","dateModified":"2025-10-03T12:25:05+00:00","breadcrumb":{"@id":"https:\/\/www.dfaudit.com\/our-mission\/#breadcrumb"},"inLanguage":"de","potentialAction":[{"@type":"ReadAction","target":["https:\/\/www.dfaudit.com\/our-mission\/"]}]},{"@type":"BreadcrumbList","@id":"https:\/\/www.dfaudit.com\/our-mission\/#breadcrumb","itemListElement":[{"@type":"ListItem","position":1,"name":"Home","item":"https:\/\/www.dfaudit.com\/"},{"@type":"ListItem","position":2,"name":"Our mission"}]},{"@type":"WebSite","@id":"https:\/\/www.dfaudit.com\/#website","url":"https:\/\/www.dfaudit.com\/","name":"DF Audit S.p.A.","description":"This is the base site for Moore Global","potentialAction":[{"@type":"SearchAction","target":{"@type":"EntryPoint","urlTemplate":"https:\/\/www.dfaudit.com\/?s={search_term_string}"},"query-input":{"@type":"PropertyValueSpecification","valueRequired":true,"valueName":"search_term_string"}}],"inLanguage":"de"}]}},"_links":{"self":[{"href":"https:\/\/www.dfaudit.com\/de\/wp-json\/wp\/v2\/pages\/319","targetHints":{"allow":["GET"]}}],"collection":[{"href":"https:\/\/www.dfaudit.com\/de\/wp-json\/wp\/v2\/pages"}],"about":[{"href":"https:\/\/www.dfaudit.com\/de\/wp-json\/wp\/v2\/types\/page"}],"author":[{"embeddable":true,"href":"https:\/\/www.dfaudit.com\/de\/wp-json\/wp\/v2\/users\/6"}],"replies":[{"embeddable":true,"href":"https:\/\/www.dfaudit.com\/de\/wp-json\/wp\/v2\/comments?post=319"}],"version-history":[{"count":0,"href":"https:\/\/www.dfaudit.com\/de\/wp-json\/wp\/v2\/pages\/319\/revisions"}],"wp:attachment":[{"href":"https:\/\/www.dfaudit.com\/de\/wp-json\/wp\/v2\/media?parent=319"}],"curies":[{"name":"wp","href":"https:\/\/api.w.org\/{rel}","templated":true}]}}